{"id":3789,"date":"2020-05-02T23:59:08","date_gmt":"2020-05-02T21:59:08","guid":{"rendered":"https:\/\/tetramedic.com\/?post_type=product&#038;p=3789"},"modified":"2026-04-17T19:45:00","modified_gmt":"2026-04-17T17:45:00","slug":"tetra-zilver","status":"publish","type":"product","link":"https:\/\/tetramedic.com\/nl\/p\/tetra-zilver\/","title":{"rendered":"Nano Silver | Collo\u00efdaal zilver (30ppm)"},"content":{"rendered":"","protected":false},"excerpt":{"rendered":"<h5 style=\"text-align: left;\"><strong>Wat is collo\u00efdaal zilver?<br \/>\n<\/strong>Collo\u00efdaal zilver is een suspensie van zilverdeeltjes in een vloeistof. Het is een eeuwen oude remedie die wordt gebruikt voor de behandeling van bacteri\u00eble, virale en schimmelinfecties.<strong><br \/>\n<\/strong><\/h5>\n<h5 style=\"text-align: left;\"><strong>Wat is Tetra Silver?<br \/>\n<\/strong>Tetra Silver is een exclusief merk van collo\u00efdaal zilver bestaande uit ten minste 90% collo\u00efdaal zilver. Dit is veruit het hoogste percentage wereldwijd in vergelijking met andere collo\u00efdale zilver producten.<\/h5>\n<h5 style=\"text-align: left;\">Tetra Silver bestaat uit ultra kleine (&lt;10nm) zilverdeeltjes met een positieve lading gesuspendeerd in dubbel gedestilleerd water. Hoe kleiner de deeltjes, hoe effectiever het product.<\/h5>\n<h5><span id=\":4h.co\" class=\"tL8wMe EMoHub\" dir=\"ltr\">Na jaren van verbetering, optimalisatie en uitgebreide testen door onafhankelijke laboratoria heeft Tetra Silver inmiddels al vele klanten wereldwijd geholpen.<\/span><\/h5>\n<h5 style=\"text-align: left;\"><strong>Gebruik en aanbevolen dosering;<\/strong><br \/>\nEuropese Verordening nr: 1925\/2006<\/h5>\n<h5 style=\"text-align: left;\">In overeenstemming met de EU-regelgeving mogen we niet zeggen dat dit product als voedingssupplement kan worden gebruikt, waarbij men 1 plastic eetlepel per dag inneemt ten minste 15 seconden onder de tong houdt, alvorens door te slikken. Dit alles op een lege maag ten minste 15 minuten voor de maaltijd.<\/h5>\n<h5 style=\"text-align: left;\">Echter, mogen we wel zeggen dat collo\u00efdaal zilver een sterke antibacteri\u00eble eigenschap heeft die kan worden gebruikt om te desinfecteren. Hierdoor kan het op de huid worden toegepast op wonden, schimmels en andere infecties.<\/h5>\n<h5 style=\"text-align: left;\"><strong>Ingredi\u00ebnten:<br \/>\n<\/strong>&#8211; Gede\u00efoniseerd water: 99.9970<br \/>\n&#8211; Zilver: 0,0030 (30 ppm)<\/h5>\n<h5 style=\"text-align: left;\"><span class=\"a-list-item\">100 Vegan &amp; Glutenvrij.<\/span><\/h5>\n","protected":false},"featured_media":20174,"comment_status":"open","ping_status":"closed","template":"","meta":{"site-sidebar-layout":"no-sidebar","site-content-layout":"page-builder","ast-site-content-layout":"full-width-container","site-content-style":"unboxed","site-sidebar-style":"unboxed","ast-global-header-display":"","ast-banner-title-visibility":"","ast-main-header-display":"","ast-hfb-above-header-display":"","ast-hfb-below-header-display":"","ast-hfb-mobile-header-display":"","site-post-title":"disabled","ast-breadcrumbs-content":"","ast-featured-img":"disabled","footer-sml-layout":"","ast-disable-related-posts":"","theme-transparent-header-meta":"default","adv-header-id-meta":"","stick-header-meta":"","header-above-stick-meta":"","header-main-stick-meta":"","header-below-stick-meta":"","astra-migrate-meta-layouts":"set","ast-page-background-enabled":"default","ast-page-background-meta":{"desktop":{"background-color":"var(--ast-global-color-4)","background-image":"","background-repeat":"repeat","background-position":"center center","background-size":"auto","background-attachment":"scroll","background-type":"","background-media":"","overlay-type":"","overlay-color":"","overlay-opacity":"","overlay-gradient":""},"tablet":{"background-color":"","background-image":"","background-repeat":"repeat","background-position":"center center","background-size":"auto","background-attachment":"scroll","background-type":"","background-media":"","overlay-type":"","overlay-color":"","overlay-opacity":"","overlay-gradient":""},"mobile":{"background-color":"","background-image":"","background-repeat":"repeat","background-position":"center center","background-size":"auto","background-attachment":"scroll","background-type":"","background-media":"","overlay-type":"","overlay-color":"","overlay-opacity":"","overlay-gradient":""}},"ast-content-background-meta":{"desktop":{"background-color":"var(--ast-global-color-5)","background-image":"","background-repeat":"repeat","background-position":"center center","background-size":"auto","background-attachment":"scroll","background-type":"","background-media":"","overlay-type":"","overlay-color":"","overlay-opacity":"","overlay-gradient":""},"tablet":{"background-color":"var(--ast-global-color-5)","background-image":"","background-repeat":"repeat","background-position":"center center","background-size":"auto","background-attachment":"scroll","background-type":"","background-media":"","overlay-type":"","overlay-color":"","overlay-opacity":"","overlay-gradient":""},"mobile":{"background-color":"var(--ast-global-color-5)","background-image":"","background-repeat":"repeat","background-position":"center center","background-size":"auto","background-attachment":"scroll","background-type":"","background-media":"","overlay-type":"","overlay-color":"","overlay-opacity":"","overlay-gradient":""}}},"product_brand":[],"product_cat":[63],"product_tag":[],"class_list":{"0":"post-3789","1":"product","2":"type-product","3":"status-publish","4":"has-post-thumbnail","6":"product_cat-colloidaal-zilver","7":"desktop-align-left","8":"tablet-align-left","9":"mobile-align-left","11":"first","12":"instock","13":"taxable","14":"shipping-taxable","15":"purchasable","16":"product-type-variable","17":"has-default-attributes"},"yoast_head":"<!-- This site is optimized with the Yoast SEO plugin v27.2 - https:\/\/yoast.com\/product\/yoast-seo-wordpress\/ -->\n<title>Collo\u00efdaal Zilver Kopen | Nano Zilverwater | Gratis Verzending<\/title>\n<meta name=\"description\" content=\"Nano Silver - 250 ml - Extra effectief door verbeterde technologie. Koop collo\u00efdaal zilver online. 30 dagen geld terug garantie.\" \/>\n<meta name=\"robots\" content=\"index, follow, max-snippet:-1, max-image-preview:large, max-video-preview:-1\" \/>\n<link rel=\"canonical\" href=\"https:\/\/tetramedic.com\/nl\/p\/tetra-zilver\/\" \/>\n<meta property=\"og:locale\" content=\"nl_NL\" \/>\n<meta property=\"og:type\" content=\"article\" \/>\n<meta property=\"og:title\" content=\"Collo\u00efdaal Zilver Kopen | Nano Zilverwater | Gratis Verzending\" \/>\n<meta property=\"og:description\" content=\"Nano Silver - 250 ml - Extra effectief door verbeterde technologie. Koop collo\u00efdaal zilver online. 30 dagen geld terug garantie.\" \/>\n<meta property=\"og:url\" content=\"https:\/\/tetramedic.com\/nl\/p\/tetra-zilver\/\" \/>\n<meta property=\"og:site_name\" content=\"Tetramedic\" \/>\n<meta property=\"article:publisher\" content=\"https:\/\/www.facebook.com\/tetramedic\" \/>\n<meta property=\"article:modified_time\" content=\"2026-04-17T17:45:00+00:00\" \/>\n<meta property=\"og:image\" content=\"https:\/\/tetramedic.com\/wp-content\/uploads\/2023\/07\/nano-silver-large.png\" \/>\n\t<meta property=\"og:image:width\" content=\"1500\" \/>\n\t<meta property=\"og:image:height\" content=\"1500\" \/>\n\t<meta property=\"og:image:type\" content=\"image\/png\" \/>\n<meta name=\"twitter:card\" content=\"summary_large_image\" \/>\n<script type=\"application\/ld+json\" class=\"yoast-schema-graph\">{\"@context\":\"https:\/\/schema.org\",\"@graph\":[{\"@type\":\"WebPage\",\"@id\":\"https:\/\/tetramedic.com\/nl\/p\/tetra-zilver\/\",\"url\":\"https:\/\/tetramedic.com\/nl\/p\/tetra-zilver\/\",\"name\":\"Collo\u00efdaal Zilver Kopen | Nano Zilverwater | Gratis Verzending\",\"isPartOf\":{\"@id\":\"https:\/\/tetramedic.com\/nl\/#website\"},\"primaryImageOfPage\":{\"@id\":\"https:\/\/tetramedic.com\/nl\/p\/tetra-zilver\/#primaryimage\"},\"image\":{\"@id\":\"https:\/\/tetramedic.com\/nl\/p\/tetra-zilver\/#primaryimage\"},\"thumbnailUrl\":\"https:\/\/tetramedic.com\/wp-content\/uploads\/2023\/07\/nano-silver-large.png\",\"datePublished\":\"2020-05-02T21:59:08+00:00\",\"dateModified\":\"2026-04-17T17:45:00+00:00\",\"description\":\"Nano Silver - 250 ml - Extra effectief door verbeterde technologie. Koop collo\u00efdaal zilver online. 30 dagen geld terug garantie.\",\"breadcrumb\":{\"@id\":\"https:\/\/tetramedic.com\/nl\/p\/tetra-zilver\/#breadcrumb\"},\"inLanguage\":\"nl-NL\",\"potentialAction\":[{\"@type\":\"ReadAction\",\"target\":[\"https:\/\/tetramedic.com\/nl\/p\/tetra-zilver\/\"]}]},{\"@type\":\"ImageObject\",\"inLanguage\":\"nl-NL\",\"@id\":\"https:\/\/tetramedic.com\/nl\/p\/tetra-zilver\/#primaryimage\",\"url\":\"https:\/\/tetramedic.com\/wp-content\/uploads\/2023\/07\/nano-silver-large.png\",\"contentUrl\":\"https:\/\/tetramedic.com\/wp-content\/uploads\/2023\/07\/nano-silver-large.png\",\"width\":1500,\"height\":1500},{\"@type\":\"BreadcrumbList\",\"@id\":\"https:\/\/tetramedic.com\/nl\/p\/tetra-zilver\/#breadcrumb\",\"itemListElement\":[{\"@type\":\"ListItem\",\"position\":1,\"name\":\"Home\",\"item\":\"https:\/\/tetramedic.com\/nl\/\"},{\"@type\":\"ListItem\",\"position\":2,\"name\":\"Producten\",\"item\":\"https:\/\/tetramedic.com\/nl\/shop\/\"},{\"@type\":\"ListItem\",\"position\":3,\"name\":\"Nano Silver | Collo\u00efdaal zilver (30ppm)\"}]},{\"@type\":\"WebSite\",\"@id\":\"https:\/\/tetramedic.com\/nl\/#website\",\"url\":\"https:\/\/tetramedic.com\/nl\/\",\"name\":\"Tetramedic\",\"description\":\"For support and protection\",\"publisher\":{\"@id\":\"https:\/\/tetramedic.com\/nl\/#organization\"},\"potentialAction\":[{\"@type\":\"SearchAction\",\"target\":{\"@type\":\"EntryPoint\",\"urlTemplate\":\"https:\/\/tetramedic.com\/nl\/?s={search_term_string}\"},\"query-input\":{\"@type\":\"PropertyValueSpecification\",\"valueRequired\":true,\"valueName\":\"search_term_string\"}}],\"inLanguage\":\"nl-NL\"},{\"@type\":\"Organization\",\"@id\":\"https:\/\/tetramedic.com\/nl\/#organization\",\"name\":\"TETRAMEDIC\",\"url\":\"https:\/\/tetramedic.com\/nl\/\",\"logo\":{\"@type\":\"ImageObject\",\"inLanguage\":\"nl-NL\",\"@id\":\"https:\/\/tetramedic.com\/nl\/#\/schema\/logo\/image\/\",\"url\":\"https:\/\/tetramedic.com\/wp-content\/uploads\/2020\/07\/v2TMLogo300x60red.png\",\"contentUrl\":\"https:\/\/tetramedic.com\/wp-content\/uploads\/2020\/07\/v2TMLogo300x60red.png\",\"width\":300,\"height\":60,\"caption\":\"TETRAMEDIC\"},\"image\":{\"@id\":\"https:\/\/tetramedic.com\/nl\/#\/schema\/logo\/image\/\"},\"sameAs\":[\"https:\/\/www.facebook.com\/tetramedic\"]}]}<\/script>\n<!-- \/ Yoast SEO plugin. -->","yoast_head_json":{"title":"Collo\u00efdaal Zilver Kopen | Nano Zilverwater | Gratis Verzending","description":"Nano Silver - 250 ml - Extra effectief door verbeterde technologie. Koop collo\u00efdaal zilver online. 30 dagen geld terug garantie.","robots":{"index":"index","follow":"follow","max-snippet":"max-snippet:-1","max-image-preview":"max-image-preview:large","max-video-preview":"max-video-preview:-1"},"canonical":"https:\/\/tetramedic.com\/nl\/p\/tetra-zilver\/","og_locale":"nl_NL","og_type":"article","og_title":"Collo\u00efdaal Zilver Kopen | Nano Zilverwater | Gratis Verzending","og_description":"Nano Silver - 250 ml - Extra effectief door verbeterde technologie. Koop collo\u00efdaal zilver online. 30 dagen geld terug garantie.","og_url":"https:\/\/tetramedic.com\/nl\/p\/tetra-zilver\/","og_site_name":"Tetramedic","article_publisher":"https:\/\/www.facebook.com\/tetramedic","article_modified_time":"2026-04-17T17:45:00+00:00","og_image":[{"width":1500,"height":1500,"url":"https:\/\/tetramedic.com\/wp-content\/uploads\/2023\/07\/nano-silver-large.png","type":"image\/png"}],"twitter_card":"summary_large_image","schema":{"@context":"https:\/\/schema.org","@graph":[{"@type":"WebPage","@id":"https:\/\/tetramedic.com\/nl\/p\/tetra-zilver\/","url":"https:\/\/tetramedic.com\/nl\/p\/tetra-zilver\/","name":"Collo\u00efdaal Zilver Kopen | Nano Zilverwater | Gratis Verzending","isPartOf":{"@id":"https:\/\/tetramedic.com\/nl\/#website"},"primaryImageOfPage":{"@id":"https:\/\/tetramedic.com\/nl\/p\/tetra-zilver\/#primaryimage"},"image":{"@id":"https:\/\/tetramedic.com\/nl\/p\/tetra-zilver\/#primaryimage"},"thumbnailUrl":"https:\/\/tetramedic.com\/wp-content\/uploads\/2023\/07\/nano-silver-large.png","datePublished":"2020-05-02T21:59:08+00:00","dateModified":"2026-04-17T17:45:00+00:00","description":"Nano Silver - 250 ml - Extra effectief door verbeterde technologie. Koop collo\u00efdaal zilver online. 30 dagen geld terug garantie.","breadcrumb":{"@id":"https:\/\/tetramedic.com\/nl\/p\/tetra-zilver\/#breadcrumb"},"inLanguage":"nl-NL","potentialAction":[{"@type":"ReadAction","target":["https:\/\/tetramedic.com\/nl\/p\/tetra-zilver\/"]}]},{"@type":"ImageObject","inLanguage":"nl-NL","@id":"https:\/\/tetramedic.com\/nl\/p\/tetra-zilver\/#primaryimage","url":"https:\/\/tetramedic.com\/wp-content\/uploads\/2023\/07\/nano-silver-large.png","contentUrl":"https:\/\/tetramedic.com\/wp-content\/uploads\/2023\/07\/nano-silver-large.png","width":1500,"height":1500},{"@type":"BreadcrumbList","@id":"https:\/\/tetramedic.com\/nl\/p\/tetra-zilver\/#breadcrumb","itemListElement":[{"@type":"ListItem","position":1,"name":"Home","item":"https:\/\/tetramedic.com\/nl\/"},{"@type":"ListItem","position":2,"name":"Producten","item":"https:\/\/tetramedic.com\/nl\/shop\/"},{"@type":"ListItem","position":3,"name":"Nano Silver | Collo\u00efdaal zilver (30ppm)"}]},{"@type":"WebSite","@id":"https:\/\/tetramedic.com\/nl\/#website","url":"https:\/\/tetramedic.com\/nl\/","name":"Tetramedic","description":"For support and protection","publisher":{"@id":"https:\/\/tetramedic.com\/nl\/#organization"},"potentialAction":[{"@type":"SearchAction","target":{"@type":"EntryPoint","urlTemplate":"https:\/\/tetramedic.com\/nl\/?s={search_term_string}"},"query-input":{"@type":"PropertyValueSpecification","valueRequired":true,"valueName":"search_term_string"}}],"inLanguage":"nl-NL"},{"@type":"Organization","@id":"https:\/\/tetramedic.com\/nl\/#organization","name":"TETRAMEDIC","url":"https:\/\/tetramedic.com\/nl\/","logo":{"@type":"ImageObject","inLanguage":"nl-NL","@id":"https:\/\/tetramedic.com\/nl\/#\/schema\/logo\/image\/","url":"https:\/\/tetramedic.com\/wp-content\/uploads\/2020\/07\/v2TMLogo300x60red.png","contentUrl":"https:\/\/tetramedic.com\/wp-content\/uploads\/2020\/07\/v2TMLogo300x60red.png","width":300,"height":60,"caption":"TETRAMEDIC"},"image":{"@id":"https:\/\/tetramedic.com\/nl\/#\/schema\/logo\/image\/"},"sameAs":["https:\/\/www.facebook.com\/tetramedic"]}]}},"_links":{"self":[{"href":"https:\/\/tetramedic.com\/nl\/wp-json\/wp\/v2\/product\/3789","targetHints":{"allow":["GET"]}}],"collection":[{"href":"https:\/\/tetramedic.com\/nl\/wp-json\/wp\/v2\/product"}],"about":[{"href":"https:\/\/tetramedic.com\/nl\/wp-json\/wp\/v2\/types\/product"}],"replies":[{"embeddable":true,"href":"https:\/\/tetramedic.com\/nl\/wp-json\/wp\/v2\/comments?post=3789"}],"version-history":[{"count":0,"href":"https:\/\/tetramedic.com\/nl\/wp-json\/wp\/v2\/product\/3789\/revisions"}],"wp:featuredmedia":[{"embeddable":true,"href":"https:\/\/tetramedic.com\/nl\/wp-json\/wp\/v2\/media\/20174"}],"wp:attachment":[{"href":"https:\/\/tetramedic.com\/nl\/wp-json\/wp\/v2\/media?parent=3789"}],"wp:term":[{"taxonomy":"product_brand","embeddable":true,"href":"https:\/\/tetramedic.com\/nl\/wp-json\/wp\/v2\/product_brand?post=3789"},{"taxonomy":"product_cat","embeddable":true,"href":"https:\/\/tetramedic.com\/nl\/wp-json\/wp\/v2\/product_cat?post=3789"},{"taxonomy":"product_tag","embeddable":true,"href":"https:\/\/tetramedic.com\/nl\/wp-json\/wp\/v2\/product_tag?post=3789"}],"curies":[{"name":"wp","href":"https:\/\/api.w.org\/{rel}","templated":true}]}}